{"id":51,"date":"2025-07-31T06:07:10","date_gmt":"2025-07-31T06:07:10","guid":{"rendered":"https:\/\/lightgoldenrodyellow-bat-779345.hostingersite.com\/?page_id=51"},"modified":"2026-02-21T12:49:51","modified_gmt":"2026-02-21T12:49:51","slug":"privacy-policy","status":"publish","type":"page","link":"https:\/\/digitalflowagency.eu\/en\/privacy-policy\/","title":{"rendered":"Privacy Policy"},"content":{"rendered":"\t\t<div data-elementor-type=\"wp-page\" data-elementor-id=\"51\" class=\"elementor elementor-51\" data-elementor-post-type=\"page\">\n\t\t\t\t<div class=\"elementor-element elementor-element-25c37a e-flex e-con-boxed wpr-particle-no wpr-jarallax-no wpr-parallax-no wpr-sticky-section-no wpr-equal-height-no e-con e-parent\" data-id=\"25c37a\" data-element_type=\"container\" data-e-type=\"container\" data-settings=\"{&quot;background_background&quot;:&quot;classic&quot;}\">\n\t\t\t\t\t<div class=\"e-con-inner\">\n\t\t<div class=\"elementor-element elementor-element-2feb12b5 e-flex e-con-boxed wpr-particle-no wpr-jarallax-no wpr-parallax-no wpr-sticky-section-no wpr-equal-height-no e-con e-child\" data-id=\"2feb12b5\" data-element_type=\"container\" data-e-type=\"container\">\n\t\t\t\t\t<div class=\"e-con-inner\">\n\t\t\t\t<div class=\"elementor-element elementor-element-4818a7e4 elementor-widget__width-initial elementor-widget elementor-widget-heading\" data-id=\"4818a7e4\" data-element_type=\"widget\" data-e-type=\"widget\" data-widget_type=\"heading.default\">\n\t\t\t\t\t<h2 class=\"elementor-heading-title elementor-size-default\"><i>Privacy Policy <\/i><\/h2>\t\t\t\t<\/div>\n\t\t\t\t<div class=\"elementor-element elementor-element-101b7584 elementor-widget elementor-widget-heading\" data-id=\"101b7584\" data-element_type=\"widget\" data-e-type=\"widget\" data-widget_type=\"heading.default\">\n\t\t\t\t\t<h2 class=\"elementor-heading-title elementor-size-default\">We apply technical and organizational measures to protect your information<\/h2>\t\t\t\t<\/div>\n\t\t\t\t\t<\/div>\n\t\t\t\t<\/div>\n\t\t\t\t\t<\/div>\n\t\t\t\t<\/div>\n\t\t<div class=\"elementor-element elementor-element-65e34367 e-flex e-con-boxed wpr-particle-no wpr-jarallax-no wpr-parallax-no wpr-sticky-section-no wpr-equal-height-no e-con e-parent\" data-id=\"65e34367\" data-element_type=\"container\" data-e-type=\"container\" data-settings=\"{&quot;background_background&quot;:&quot;classic&quot;}\">\n\t\t\t\t\t<div class=\"e-con-inner\">\n\t\t<div class=\"elementor-element elementor-element-12ea9c94 e-con-full e-flex wpr-particle-no wpr-jarallax-no wpr-parallax-no wpr-sticky-section-no wpr-equal-height-no elementor-invisible e-con e-child\" data-id=\"12ea9c94\" data-element_type=\"container\" data-e-type=\"container\" data-settings=\"{&quot;animation&quot;:&quot;slideInLeft&quot;}\">\n\t\t\t\t<div class=\"elementor-element elementor-element-438d56df elementor-widget elementor-widget-heading\" data-id=\"438d56df\" data-element_type=\"widget\" data-e-type=\"widget\" data-widget_type=\"heading.default\">\n\t\t\t\t\t<h2 class=\"elementor-heading-title elementor-size-default\">How We <b><i>Use <\/i><\/b><br>Your <i><b>Data<\/b><\/i><\/h2>\t\t\t\t<\/div>\n\t\t\t\t<div class=\"elementor-element elementor-element-787a9aeb elementor-widget elementor-widget-text-editor\" data-id=\"787a9aeb\" data-element_type=\"widget\" data-e-type=\"widget\" data-widget_type=\"text-editor.default\">\n\t\t\t\t\t\t\t\t\t<p>At Digital Flow, your privacy matters. This policy explains how we collect, use, and protect your personal information.<\/p><p>1. Information We Collect<br \/>When you fill out a form, we may ask for your name, email, and phone number. We also use basic cookies and analytics to understand how our website is used.<\/p><p>2. How We Use Your Data<br \/>We use the information you provide to:<br \/>\u2013 Respond to your inquiries.<br \/>\u2013 Send proposals or relevant information.<br \/>\u2013 Improve your browsing experience.<\/p><p>3. Sharing of Data<br \/>We do not sell or trade your personal data. We only share information when necessary to operate tools like analytics or email platforms.<\/p><p>4. Security<br \/>We apply technical and organizational measures to protect your information and prevent unauthorized access.<\/p><p>5. Your Rights<br \/>You may request access, correction, or deletion of your personal data at any time. Just reach out to us.<\/p><p>6.\u00a0<a href=\"https:\/\/lightgoldenrodyellow-bat-779345.hostingersite.com\/contact\/\" target=\"_blank\" rel=\"noopener\">Contact Us<\/a><br \/>If you have any questions about this Privacy Policy or how we handle your data, contact us at:<br \/>hello@lightgoldenrodyellow-bat-779345.hostingersite.com<\/p>\t\t\t\t\t\t\t\t<\/div>\n\t\t\t\t<\/div>\n\t\t<div class=\"elementor-element elementor-element-7a89e4ae e-con-full e-flex wpr-particle-no wpr-jarallax-no wpr-parallax-no wpr-sticky-section-no wpr-equal-height-no elementor-invisible e-con e-child\" data-id=\"7a89e4ae\" data-element_type=\"container\" data-e-type=\"container\" data-settings=\"{&quot;animation&quot;:&quot;slideInRight&quot;}\">\n\t\t\t\t<div class=\"elementor-element elementor-element-4047dce4 elementor-widget elementor-widget-image\" data-id=\"4047dce4\" data-element_type=\"widget\" data-e-type=\"widget\" data-widget_type=\"image.default\">\n\t\t\t\t\t\t\t\t\t\t\t\t\t\t\t<img fetchpriority=\"high\" decoding=\"async\" width=\"1024\" height=\"1536\" src=\"https:\/\/digitalflowagency.eu\/wp-content\/uploads\/2026\/02\/1-web.png\" class=\"attachment-full size-full wp-image-5494\" alt=\"\" srcset=\"https:\/\/digitalflowagency.eu\/wp-content\/uploads\/2026\/02\/1-web.png 1024w, https:\/\/digitalflowagency.eu\/wp-content\/uploads\/2026\/02\/1-web-200x300.png 200w, https:\/\/digitalflowagency.eu\/wp-content\/uploads\/2026\/02\/1-web-683x1024.png 683w, https:\/\/digitalflowagency.eu\/wp-content\/uploads\/2026\/02\/1-web-768x1152.png 768w, https:\/\/digitalflowagency.eu\/wp-content\/uploads\/2026\/02\/1-web-8x12.png 8w\" sizes=\"(max-width: 1024px) 100vw, 1024px\" \/>\t\t\t\t\t\t\t\t\t\t\t\t\t\t\t<\/div>\n\t\t\t\t<\/div>\n\t\t\t\t\t<\/div>\n\t\t\t\t<\/div>\n\t\t\t\t<\/div>\n\t\t","protected":false},"excerpt":{"rendered":"<p>Privacy Policy We apply technical and organizational measures to protect your information How We Use Your Data At Digital Flow, your privacy matters. This policy explains how we collect, use, and protect your personal information. 1. Information We CollectWhen you fill out a form, we may ask for your name, email, and phone number. We also use basic cookies and analytics to understand how our website is used. 2. How We Use Your DataWe use the information you provide to:\u2013 Respond to your inquiries.\u2013 Send proposals or relevant information.\u2013 Improve your browsing experience. 3. Sharing of DataWe do not sell or trade your personal data. We only share information when necessary to operate tools like analytics or email platforms. 4. SecurityWe apply technical and organizational measures to protect your information and prevent unauthorized access. 5. Your RightsYou may request access, correction, or deletion of your personal data at any time. Just reach out to us. 6.\u00a0Contact UsIf you have any questions about this Privacy Policy or how we handle your data, contact us at:hello@lightgoldenrodyellow-bat-779345.hostingersite.com<\/p>\n","protected":false},"author":1,"featured_media":0,"parent":0,"menu_order":0,"comment_status":"closed","ping_status":"closed","template":"","meta":{"_eb_attr":"","footnotes":""},"class_list":["post-51","page","type-page","status-publish","hentry"],"yoast_head":"<!-- This site is optimized with the Yoast SEO plugin v27.4 - https:\/\/yoast.com\/product\/yoast-seo-wordpress\/ -->\n<title>Privacy Policy - Digital Flow Agency \u2013 Marketing Digital &amp; Web Design<\/title>\n<meta name=\"description\" content=\"Read Digital Flow Agency\u2019s Privacy Policy to understand how we collect, use, and protect your data when you visit our website and services.\" \/>\n<meta name=\"robots\" content=\"index, follow, max-snippet:-1, max-image-preview:large, max-video-preview:-1\" \/>\n<link rel=\"canonical\" href=\"https:\/\/digitalflowagency.eu\/en\/privacy-policy\/\" \/>\n<meta property=\"og:locale\" content=\"en_US\" \/>\n<meta property=\"og:type\" content=\"article\" \/>\n<meta property=\"og:title\" content=\"Privacy Policy - Digital Flow Agency \u2013 Marketing Digital &amp; Web Design\" \/>\n<meta property=\"og:description\" content=\"Read Digital Flow Agency\u2019s Privacy Policy to understand how we collect, use, and protect your data when you visit our website and services.\" \/>\n<meta property=\"og:url\" content=\"https:\/\/digitalflowagency.eu\/en\/privacy-policy\/\" \/>\n<meta property=\"og:site_name\" content=\"Digital Flow Agency \u2013 Marketing Digital &amp; Web Design\" \/>\n<meta property=\"article:modified_time\" content=\"2026-02-21T12:49:51+00:00\" \/>\n<meta property=\"og:image\" content=\"https:\/\/digitalflowagency.eu\/wp-content\/uploads\/2026\/02\/1-web.png\" \/>\n<meta name=\"twitter:card\" content=\"summary_large_image\" \/>\n<meta name=\"twitter:label1\" content=\"Est. reading time\" \/>\n\t<meta name=\"twitter:data1\" content=\"1 minute\" \/>\n<script type=\"application\/ld+json\" class=\"yoast-schema-graph\">{\"@context\":\"https:\\\/\\\/schema.org\",\"@graph\":[{\"@type\":\"WebPage\",\"@id\":\"https:\\\/\\\/digitalflowagency.eu\\\/en\\\/privacy-policy\\\/\",\"url\":\"https:\\\/\\\/digitalflowagency.eu\\\/en\\\/privacy-policy\\\/\",\"name\":\"Privacy Policy - Digital Flow Agency \u2013 Marketing Digital &amp; Web Design\",\"isPartOf\":{\"@id\":\"https:\\\/\\\/lightgoldenrodyellow-bat-779345.hostingersite.com\\\/en\\\/#website\"},\"primaryImageOfPage\":{\"@id\":\"https:\\\/\\\/digitalflowagency.eu\\\/en\\\/privacy-policy\\\/#primaryimage\"},\"image\":{\"@id\":\"https:\\\/\\\/digitalflowagency.eu\\\/en\\\/privacy-policy\\\/#primaryimage\"},\"thumbnailUrl\":\"https:\\\/\\\/digitalflowagency.eu\\\/wp-content\\\/uploads\\\/2026\\\/02\\\/1-web.png\",\"datePublished\":\"2025-07-31T06:07:10+00:00\",\"dateModified\":\"2026-02-21T12:49:51+00:00\",\"description\":\"Read Digital Flow Agency\u2019s Privacy Policy to understand how we collect, use, and protect your data when you visit our website and services.\",\"breadcrumb\":{\"@id\":\"https:\\\/\\\/digitalflowagency.eu\\\/en\\\/privacy-policy\\\/#breadcrumb\"},\"inLanguage\":\"en-US\",\"potentialAction\":[{\"@type\":\"ReadAction\",\"target\":[\"https:\\\/\\\/digitalflowagency.eu\\\/en\\\/privacy-policy\\\/\"]}]},{\"@type\":\"ImageObject\",\"inLanguage\":\"en-US\",\"@id\":\"https:\\\/\\\/digitalflowagency.eu\\\/en\\\/privacy-policy\\\/#primaryimage\",\"url\":\"https:\\\/\\\/digitalflowagency.eu\\\/wp-content\\\/uploads\\\/2026\\\/02\\\/1-web.png\",\"contentUrl\":\"https:\\\/\\\/digitalflowagency.eu\\\/wp-content\\\/uploads\\\/2026\\\/02\\\/1-web.png\"},{\"@type\":\"BreadcrumbList\",\"@id\":\"https:\\\/\\\/digitalflowagency.eu\\\/en\\\/privacy-policy\\\/#breadcrumb\",\"itemListElement\":[{\"@type\":\"ListItem\",\"position\":1,\"name\":\"Home\",\"item\":\"https:\\\/\\\/lightgoldenrodyellow-bat-779345.hostingersite.com\\\/en\\\/\"},{\"@type\":\"ListItem\",\"position\":2,\"name\":\"Privacy Policy\"}]},{\"@type\":\"WebSite\",\"@id\":\"https:\\\/\\\/lightgoldenrodyellow-bat-779345.hostingersite.com\\\/en\\\/#website\",\"url\":\"https:\\\/\\\/lightgoldenrodyellow-bat-779345.hostingersite.com\\\/en\\\/\",\"name\":\"Digital Flow Agency\",\"description\":\"Helping businesses grow online with strategic digital marketing | Pom\u00e1hame firm\u00e1m r\u00e1s\u0165 online pomocou strategick\u00e9ho digit\u00e1lneho marketingu\",\"publisher\":{\"@id\":\"https:\\\/\\\/lightgoldenrodyellow-bat-779345.hostingersite.com\\\/en\\\/#organization\"},\"alternateName\":\"Digital Marketing Agency | Digit\u00e1lna marketingov\u00e1 agent\u00fara\",\"potentialAction\":[{\"@type\":\"SearchAction\",\"target\":{\"@type\":\"EntryPoint\",\"urlTemplate\":\"https:\\\/\\\/lightgoldenrodyellow-bat-779345.hostingersite.com\\\/en\\\/?s={search_term_string}\"},\"query-input\":{\"@type\":\"PropertyValueSpecification\",\"valueRequired\":true,\"valueName\":\"search_term_string\"}}],\"inLanguage\":\"en-US\"},{\"@type\":\"Organization\",\"@id\":\"https:\\\/\\\/lightgoldenrodyellow-bat-779345.hostingersite.com\\\/en\\\/#organization\",\"name\":\"Digital Flow\",\"url\":\"https:\\\/\\\/lightgoldenrodyellow-bat-779345.hostingersite.com\\\/en\\\/\",\"logo\":{\"@type\":\"ImageObject\",\"inLanguage\":\"en-US\",\"@id\":\"https:\\\/\\\/lightgoldenrodyellow-bat-779345.hostingersite.com\\\/en\\\/#\\\/schema\\\/logo\\\/image\\\/\",\"url\":\"\",\"contentUrl\":\"\",\"caption\":\"Digital Flow\"},\"image\":{\"@id\":\"https:\\\/\\\/lightgoldenrodyellow-bat-779345.hostingersite.com\\\/en\\\/#\\\/schema\\\/logo\\\/image\\\/\"}}]}<\/script>\n<!-- \/ Yoast SEO plugin. -->","yoast_head_json":{"title":"Privacy Policy - Digital Flow Agency \u2013 Marketing Digital &amp; Web Design","description":"Read Digital Flow Agency\u2019s Privacy Policy to understand how we collect, use, and protect your data when you visit our website and services.","robots":{"index":"index","follow":"follow","max-snippet":"max-snippet:-1","max-image-preview":"max-image-preview:large","max-video-preview":"max-video-preview:-1"},"canonical":"https:\/\/digitalflowagency.eu\/en\/privacy-policy\/","og_locale":"en_US","og_type":"article","og_title":"Privacy Policy - Digital Flow Agency \u2013 Marketing Digital &amp; Web Design","og_description":"Read Digital Flow Agency\u2019s Privacy Policy to understand how we collect, use, and protect your data when you visit our website and services.","og_url":"https:\/\/digitalflowagency.eu\/en\/privacy-policy\/","og_site_name":"Digital Flow Agency \u2013 Marketing Digital &amp; Web Design","article_modified_time":"2026-02-21T12:49:51+00:00","og_image":[{"url":"https:\/\/digitalflowagency.eu\/wp-content\/uploads\/2026\/02\/1-web.png","type":"","width":"","height":""}],"twitter_card":"summary_large_image","twitter_misc":{"Est. reading time":"1 minute"},"schema":{"@context":"https:\/\/schema.org","@graph":[{"@type":"WebPage","@id":"https:\/\/digitalflowagency.eu\/en\/privacy-policy\/","url":"https:\/\/digitalflowagency.eu\/en\/privacy-policy\/","name":"Privacy Policy - Digital Flow Agency \u2013 Marketing Digital &amp; Web Design","isPartOf":{"@id":"https:\/\/lightgoldenrodyellow-bat-779345.hostingersite.com\/en\/#website"},"primaryImageOfPage":{"@id":"https:\/\/digitalflowagency.eu\/en\/privacy-policy\/#primaryimage"},"image":{"@id":"https:\/\/digitalflowagency.eu\/en\/privacy-policy\/#primaryimage"},"thumbnailUrl":"https:\/\/digitalflowagency.eu\/wp-content\/uploads\/2026\/02\/1-web.png","datePublished":"2025-07-31T06:07:10+00:00","dateModified":"2026-02-21T12:49:51+00:00","description":"Read Digital Flow Agency\u2019s Privacy Policy to understand how we collect, use, and protect your data when you visit our website and services.","breadcrumb":{"@id":"https:\/\/digitalflowagency.eu\/en\/privacy-policy\/#breadcrumb"},"inLanguage":"en-US","potentialAction":[{"@type":"ReadAction","target":["https:\/\/digitalflowagency.eu\/en\/privacy-policy\/"]}]},{"@type":"ImageObject","inLanguage":"en-US","@id":"https:\/\/digitalflowagency.eu\/en\/privacy-policy\/#primaryimage","url":"https:\/\/digitalflowagency.eu\/wp-content\/uploads\/2026\/02\/1-web.png","contentUrl":"https:\/\/digitalflowagency.eu\/wp-content\/uploads\/2026\/02\/1-web.png"},{"@type":"BreadcrumbList","@id":"https:\/\/digitalflowagency.eu\/en\/privacy-policy\/#breadcrumb","itemListElement":[{"@type":"ListItem","position":1,"name":"Home","item":"https:\/\/lightgoldenrodyellow-bat-779345.hostingersite.com\/en\/"},{"@type":"ListItem","position":2,"name":"Privacy Policy"}]},{"@type":"WebSite","@id":"https:\/\/lightgoldenrodyellow-bat-779345.hostingersite.com\/en\/#website","url":"https:\/\/lightgoldenrodyellow-bat-779345.hostingersite.com\/en\/","name":"Digital Flow Agency","description":"Helping businesses grow online with strategic digital marketing | Pom\u00e1hame firm\u00e1m r\u00e1s\u0165 online pomocou strategick\u00e9ho digit\u00e1lneho marketingu","publisher":{"@id":"https:\/\/lightgoldenrodyellow-bat-779345.hostingersite.com\/en\/#organization"},"alternateName":"Digital Marketing Agency | Digit\u00e1lna marketingov\u00e1 agent\u00fara","potentialAction":[{"@type":"SearchAction","target":{"@type":"EntryPoint","urlTemplate":"https:\/\/lightgoldenrodyellow-bat-779345.hostingersite.com\/en\/?s={search_term_string}"},"query-input":{"@type":"PropertyValueSpecification","valueRequired":true,"valueName":"search_term_string"}}],"inLanguage":"en-US"},{"@type":"Organization","@id":"https:\/\/lightgoldenrodyellow-bat-779345.hostingersite.com\/en\/#organization","name":"Digital Flow","url":"https:\/\/lightgoldenrodyellow-bat-779345.hostingersite.com\/en\/","logo":{"@type":"ImageObject","inLanguage":"en-US","@id":"https:\/\/lightgoldenrodyellow-bat-779345.hostingersite.com\/en\/#\/schema\/logo\/image\/","url":"","contentUrl":"","caption":"Digital Flow"},"image":{"@id":"https:\/\/lightgoldenrodyellow-bat-779345.hostingersite.com\/en\/#\/schema\/logo\/image\/"}}]}},"_links":{"self":[{"href":"https:\/\/digitalflowagency.eu\/en\/wp-json\/wp\/v2\/pages\/51","targetHints":{"allow":["GET"]}}],"collection":[{"href":"https:\/\/digitalflowagency.eu\/en\/wp-json\/wp\/v2\/pages"}],"about":[{"href":"https:\/\/digitalflowagency.eu\/en\/wp-json\/wp\/v2\/types\/page"}],"author":[{"embeddable":true,"href":"https:\/\/digitalflowagency.eu\/en\/wp-json\/wp\/v2\/users\/1"}],"replies":[{"embeddable":true,"href":"https:\/\/digitalflowagency.eu\/en\/wp-json\/wp\/v2\/comments?post=51"}],"version-history":[{"count":25,"href":"https:\/\/digitalflowagency.eu\/en\/wp-json\/wp\/v2\/pages\/51\/revisions"}],"predecessor-version":[{"id":5497,"href":"https:\/\/digitalflowagency.eu\/en\/wp-json\/wp\/v2\/pages\/51\/revisions\/5497"}],"wp:attachment":[{"href":"https:\/\/digitalflowagency.eu\/en\/wp-json\/wp\/v2\/media?parent=51"}],"curies":[{"name":"wp","href":"https:\/\/api.w.org\/{rel}","templated":true}]}}